{"id":691,"date":"2023-04-24T12:56:50","date_gmt":"2023-04-24T18:56:50","guid":{"rendered":"https:\/\/cnbs.gob.hn\/test\/?page_id=691"},"modified":"2023-05-05T09:39:30","modified_gmt":"2023-05-05T15:39:30","slug":"contenido-educativo-y-otras-actividades","status":"publish","type":"page","link":"https:\/\/cnbs.gob.hn\/test\/contenido-educativo-y-otras-actividades\/","title":{"rendered":"Contenido Educativo y Otras Actividades"},"content":{"rendered":"\t\t<div data-elementor-type=\"wp-page\" data-elementor-id=\"691\" class=\"elementor elementor-691\" data-elementor-post-type=\"page\">\n\t\t\t\t\t\t<section class=\"elementor-section elementor-top-section elementor-element elementor-element-688bf29 elementor-section-boxed elementor-section-height-default elementor-section-height-default\" data-id=\"688bf29\" data-element_type=\"section\">\n\t\t\t\t\t\t<div class=\"elementor-container elementor-column-gap-default\">\n\t\t\t\t\t<div class=\"elementor-column elementor-col-100 elementor-top-column elementor-element elementor-element-9f07764\" data-id=\"9f07764\" data-element_type=\"column\">\n\t\t\t<div class=\"elementor-widget-wrap elementor-element-populated\">\n\t\t\t\t\t\t<div class=\"elementor-element elementor-element-8dbb6ab elementor-widget elementor-widget-spacer\" data-id=\"8dbb6ab\" data-element_type=\"widget\" data-widget_type=\"spacer.default\">\n\t\t\t\t<div class=\"elementor-widget-container\">\n\t\t\t\t\t\t\t<div class=\"elementor-spacer\">\n\t\t\t<div class=\"elementor-spacer-inner\"><\/div>\n\t\t<\/div>\n\t\t\t\t\t\t<\/div>\n\t\t\t\t<\/div>\n\t\t\t\t\t<\/div>\n\t\t<\/div>\n\t\t\t\t\t<\/div>\n\t\t<\/section>\n\t\t\t\t<section class=\"elementor-section elementor-top-section elementor-element elementor-element-74422cc elementor-section-boxed elementor-section-height-default elementor-section-height-default\" data-id=\"74422cc\" data-element_type=\"section\">\n\t\t\t\t\t\t<div class=\"elementor-container elementor-column-gap-default\">\n\t\t\t\t\t<div class=\"elementor-column elementor-col-100 elementor-top-column elementor-element elementor-element-b426516\" data-id=\"b426516\" data-element_type=\"column\">\n\t\t\t<div class=\"elementor-widget-wrap elementor-element-populated\">\n\t\t\t\t\t\t<div class=\"elementor-element elementor-element-25d0ca8 elementor-widget elementor-widget-heading\" data-id=\"25d0ca8\" data-element_type=\"widget\" data-widget_type=\"heading.default\">\n\t\t\t\t<div class=\"elementor-widget-container\">\n\t\t\t\t\t<h2 class=\"elementor-heading-title elementor-size-default\">Contenido Educativo y Otras Actividades<\/h2>\t\t\t\t<\/div>\n\t\t\t\t<\/div>\n\t\t\t\t\t<\/div>\n\t\t<\/div>\n\t\t\t\t\t<\/div>\n\t\t<\/section>\n\t\t\t\t<section class=\"elementor-section elementor-top-section elementor-element elementor-element-60cb41e elementor-section-boxed elementor-section-height-default elementor-section-height-default\" data-id=\"60cb41e\" data-element_type=\"section\">\n\t\t\t\t\t\t<div class=\"elementor-container elementor-column-gap-default\">\n\t\t\t\t\t<div class=\"elementor-column elementor-col-100 elementor-top-column elementor-element elementor-element-a5fc117\" data-id=\"a5fc117\" data-element_type=\"column\">\n\t\t\t<div class=\"elementor-widget-wrap elementor-element-populated\">\n\t\t\t\t\t\t<div class=\"elementor-element elementor-element-a547b7f elementor-widget elementor-widget-spacer\" data-id=\"a547b7f\" data-element_type=\"widget\" data-widget_type=\"spacer.default\">\n\t\t\t\t<div class=\"elementor-widget-container\">\n\t\t\t\t\t\t\t<div class=\"elementor-spacer\">\n\t\t\t<div class=\"elementor-spacer-inner\"><\/div>\n\t\t<\/div>\n\t\t\t\t\t\t<\/div>\n\t\t\t\t<\/div>\n\t\t\t\t\t<\/div>\n\t\t<\/div>\n\t\t\t\t\t<\/div>\n\t\t<\/section>\n\t\t\t\t<section class=\"elementor-section elementor-top-section elementor-element elementor-element-4590e7b elementor-section-boxed elementor-section-height-default elementor-section-height-default\" data-id=\"4590e7b\" data-element_type=\"section\">\n\t\t\t\t\t\t<div class=\"elementor-container elementor-column-gap-default\">\n\t\t\t\t\t<div class=\"elementor-column elementor-col-100 elementor-top-column elementor-element elementor-element-b5bca38\" data-id=\"b5bca38\" data-element_type=\"column\">\n\t\t\t<div class=\"elementor-widget-wrap elementor-element-populated\">\n\t\t\t\t\t\t<div class=\"elementor-element elementor-element-abaa5b7 elementor-widget elementor-widget-text-editor\" data-id=\"abaa5b7\" data-element_type=\"widget\" data-widget_type=\"text-editor.default\">\n\t\t\t\t<div class=\"elementor-widget-container\">\n\t\t\t\t\t\t\t\t\t<h3><strong>Eventos potenciales Semana de Educaci\u00f3n Financiera:<\/strong><\/h3><ol><li><p>Stands Educativos.<\/p><\/li><li><p>Ambientes Tecnol\u00f3gicos.<\/p><\/li><li><p>Concurso de Micro- Contenido de Educaci\u00f3n Financiera.<\/p><\/li><li><p>Juegos<\/p><\/li><li><p>Simuladores<\/p><\/li><li><p>Zonas del Recuerdo.<\/p><\/li><li><p>Centrales de Informaci\u00f3n Crediticia.<\/p><\/li><li><p>Ambientes de Experiencia.<\/p><\/li><li><p>Actividades para Personas con Capacidades Especiales.<\/p><\/li><li><p>Zona de evaluaci\u00f3n de conocimientos.<\/p><\/li><\/ol>\t\t\t\t\t\t\t\t<\/div>\n\t\t\t\t<\/div>\n\t\t\t\t<div class=\"elementor-element elementor-element-48d90f7 elementor-widget elementor-widget-spacer\" data-id=\"48d90f7\" data-element_type=\"widget\" data-widget_type=\"spacer.default\">\n\t\t\t\t<div class=\"elementor-widget-container\">\n\t\t\t\t\t\t\t<div class=\"elementor-spacer\">\n\t\t\t<div class=\"elementor-spacer-inner\"><\/div>\n\t\t<\/div>\n\t\t\t\t\t\t<\/div>\n\t\t\t\t<\/div>\n\t\t\t\t\t<\/div>\n\t\t<\/div>\n\t\t\t\t\t<\/div>\n\t\t<\/section>\n\t\t\t\t<section class=\"elementor-section elementor-top-section elementor-element elementor-element-afb2805 elementor-section-boxed elementor-section-height-default elementor-section-height-default\" data-id=\"afb2805\" data-element_type=\"section\">\n\t\t\t\t\t\t<div class=\"elementor-container elementor-column-gap-default\">\n\t\t\t\t\t<div class=\"elementor-column elementor-col-100 elementor-top-column elementor-element elementor-element-fda7874\" data-id=\"fda7874\" data-element_type=\"column\">\n\t\t\t<div class=\"elementor-widget-wrap elementor-element-populated\">\n\t\t\t\t\t\t<div class=\"elementor-element elementor-element-03e8086 elementor-widget elementor-widget-heading\" data-id=\"03e8086\" data-element_type=\"widget\" data-widget_type=\"heading.default\">\n\t\t\t\t<div class=\"elementor-widget-container\">\n\t\t\t\t\t<h3 class=\"elementor-heading-title elementor-size-default\">Brochures<\/h3>\t\t\t\t<\/div>\n\t\t\t\t<\/div>\n\t\t\t\t\t<\/div>\n\t\t<\/div>\n\t\t\t\t\t<\/div>\n\t\t<\/section>\n\t\t\t\t<section class=\"elementor-section elementor-top-section elementor-element elementor-element-0d12a99 elementor-section-boxed elementor-section-height-default elementor-section-height-default\" data-id=\"0d12a99\" data-element_type=\"section\">\n\t\t\t\t\t\t<div class=\"elementor-container elementor-column-gap-default\">\n\t\t\t\t\t<div class=\"elementor-column elementor-col-100 elementor-top-column elementor-element elementor-element-d973e3a\" data-id=\"d973e3a\" data-element_type=\"column\">\n\t\t\t<div class=\"elementor-widget-wrap elementor-element-populated\">\n\t\t\t\t\t\t<section class=\"elementor-section elementor-inner-section elementor-element elementor-element-881a00a elementor-section-boxed elementor-section-height-default elementor-section-height-default\" data-id=\"881a00a\" data-element_type=\"section\">\n\t\t\t\t\t\t<div class=\"elementor-container elementor-column-gap-default\">\n\t\t\t\t\t<div class=\"elementor-column elementor-col-25 elementor-inner-column elementor-element elementor-element-5444005\" data-id=\"5444005\" data-element_type=\"column\">\n\t\t\t<div class=\"elementor-widget-wrap elementor-element-populated\">\n\t\t\t\t\t\t<div class=\"elementor-element elementor-element-f323f9d elementor-widget elementor-widget-image\" data-id=\"f323f9d\" data-element_type=\"widget\" data-widget_type=\"image.default\">\n\t\t\t\t<div class=\"elementor-widget-container\">\n\t\t\t\t\t\t\t\t\t\t\t\t\t\t\t\t<a href=\"https:\/\/www.cnbs.gob.hn\/sef\/wp-content\/uploads\/2023\/04\/QUE-ES-LA-CNBS.pdf\">\n\t\t\t\t\t\t\t<img fetchpriority=\"high\" decoding=\"async\" width=\"800\" height=\"1035\" src=\"https:\/\/cnbs.gob.hn\/test\/wp-content\/uploads\/2023\/04\/QUE-ES-LA-CNBS.jpg\" class=\"attachment-large size-large wp-image-694\" alt=\"\" \/>\t\t\t\t\t\t\t\t<\/a>\n\t\t\t\t\t\t\t\t\t\t\t\t\t\t\t<\/div>\n\t\t\t\t<\/div>\n\t\t\t\t\t<\/div>\n\t\t<\/div>\n\t\t\t\t<div class=\"elementor-column elementor-col-25 elementor-inner-column elementor-element elementor-element-b4ed536\" data-id=\"b4ed536\" data-element_type=\"column\">\n\t\t\t<div class=\"elementor-widget-wrap elementor-element-populated\">\n\t\t\t\t\t\t<div class=\"elementor-element elementor-element-a1dd244 elementor-widget elementor-widget-image\" data-id=\"a1dd244\" data-element_type=\"widget\" data-widget_type=\"image.default\">\n\t\t\t\t<div class=\"elementor-widget-container\">\n\t\t\t\t\t\t\t\t\t\t\t\t\t\t\t\t<a href=\"https:\/\/www.cnbs.gob.hn\/sef\/wp-content\/uploads\/2023\/04\/QUE-ES-EL-SISTEMA-DE-ATENCION-A-RECLAMO-DEL-USUARIO-FINANCIERO.pdf\">\n\t\t\t\t\t\t\t<img decoding=\"async\" width=\"800\" height=\"1035\" src=\"https:\/\/cnbs.gob.hn\/test\/wp-content\/uploads\/2023\/04\/QUE-ES-EL-SISTEMA-DE-ATENCION-A-RECLAMO-DEL-USUARIO-FINANCIERO.jpg\" class=\"attachment-large size-large wp-image-695\" alt=\"\" \/>\t\t\t\t\t\t\t\t<\/a>\n\t\t\t\t\t\t\t\t\t\t\t\t\t\t\t<\/div>\n\t\t\t\t<\/div>\n\t\t\t\t\t<\/div>\n\t\t<\/div>\n\t\t\t\t<div class=\"elementor-column elementor-col-25 elementor-inner-column elementor-element elementor-element-b02ea86\" data-id=\"b02ea86\" data-element_type=\"column\">\n\t\t\t<div class=\"elementor-widget-wrap elementor-element-populated\">\n\t\t\t\t\t\t<div class=\"elementor-element elementor-element-3e8875f elementor-widget elementor-widget-image\" data-id=\"3e8875f\" data-element_type=\"widget\" data-widget_type=\"image.default\">\n\t\t\t\t<div class=\"elementor-widget-container\">\n\t\t\t\t\t\t\t\t\t\t\t\t\t\t\t\t<a href=\"https:\/\/www.cnbs.gob.hn\/sef\/wp-content\/uploads\/2023\/04\/QUE-ES-EDUCACION-FINANCIERA.pdf\">\n\t\t\t\t\t\t\t<img decoding=\"async\" width=\"800\" height=\"1038\" src=\"https:\/\/cnbs.gob.hn\/test\/wp-content\/uploads\/2023\/04\/QUE-ES-EDUCACION-FINANCIERA.jpg\" class=\"attachment-large size-large wp-image-696\" alt=\"\" \/>\t\t\t\t\t\t\t\t<\/a>\n\t\t\t\t\t\t\t\t\t\t\t\t\t\t\t<\/div>\n\t\t\t\t<\/div>\n\t\t\t\t\t<\/div>\n\t\t<\/div>\n\t\t\t\t<div class=\"elementor-column elementor-col-25 elementor-inner-column elementor-element elementor-element-7a764e1\" data-id=\"7a764e1\" data-element_type=\"column\">\n\t\t\t<div class=\"elementor-widget-wrap elementor-element-populated\">\n\t\t\t\t\t\t<div class=\"elementor-element elementor-element-a9accc5 elementor-widget elementor-widget-image\" data-id=\"a9accc5\" data-element_type=\"widget\" data-widget_type=\"image.default\">\n\t\t\t\t<div class=\"elementor-widget-container\">\n\t\t\t\t\t\t\t\t\t\t\t\t\t\t\t\t<a href=\"https:\/\/www.cnbs.gob.hn\/sef\/wp-content\/uploads\/2023\/04\/COMO-MANEJAR-TUS-TARJETAS-DE-CREDITO-Y-DEBITO.pdf\">\n\t\t\t\t\t\t\t<img loading=\"lazy\" decoding=\"async\" width=\"800\" height=\"1038\" src=\"https:\/\/cnbs.gob.hn\/test\/wp-content\/uploads\/2023\/04\/COMO-MANEJAR-TUS-TARJETAS-DE-CREDITO-Y-DEBITO.jpg\" class=\"attachment-large size-large wp-image-697\" alt=\"\" \/>\t\t\t\t\t\t\t\t<\/a>\n\t\t\t\t\t\t\t\t\t\t\t\t\t\t\t<\/div>\n\t\t\t\t<\/div>\n\t\t\t\t\t<\/div>\n\t\t<\/div>\n\t\t\t\t\t<\/div>\n\t\t<\/section>\n\t\t\t\t<div class=\"elementor-element elementor-element-fb04226 elementor-widget elementor-widget-spacer\" data-id=\"fb04226\" data-element_type=\"widget\" data-widget_type=\"spacer.default\">\n\t\t\t\t<div class=\"elementor-widget-container\">\n\t\t\t\t\t\t\t<div class=\"elementor-spacer\">\n\t\t\t<div class=\"elementor-spacer-inner\"><\/div>\n\t\t<\/div>\n\t\t\t\t\t\t<\/div>\n\t\t\t\t<\/div>\n\t\t\t\t<div class=\"elementor-element elementor-element-186e06e elementor-widget-divider--view-line elementor-widget elementor-widget-divider\" data-id=\"186e06e\" data-element_type=\"widget\" data-widget_type=\"divider.default\">\n\t\t\t\t<div class=\"elementor-widget-container\">\n\t\t\t\t\t\t\t<div class=\"elementor-divider\">\n\t\t\t<span class=\"elementor-divider-separator\">\n\t\t\t\t\t\t<\/span>\n\t\t<\/div>\n\t\t\t\t\t\t<\/div>\n\t\t\t\t<\/div>\n\t\t\t\t<section class=\"elementor-section elementor-inner-section elementor-element elementor-element-79a4495 elementor-section-content-middle elementor-section-boxed elementor-section-height-default elementor-section-height-default\" data-id=\"79a4495\" data-element_type=\"section\">\n\t\t\t\t\t\t<div class=\"elementor-container elementor-column-gap-default\">\n\t\t\t\t\t<div class=\"elementor-column elementor-col-25 elementor-inner-column elementor-element elementor-element-58e9659\" data-id=\"58e9659\" data-element_type=\"column\">\n\t\t\t<div class=\"elementor-widget-wrap\">\n\t\t\t\t\t\t\t<\/div>\n\t\t<\/div>\n\t\t\t\t<div class=\"elementor-column elementor-col-25 elementor-inner-column elementor-element elementor-element-250ff6e\" data-id=\"250ff6e\" data-element_type=\"column\">\n\t\t\t<div class=\"elementor-widget-wrap elementor-element-populated\">\n\t\t\t\t\t\t<div class=\"elementor-element elementor-element-3f9a45e elementor-widget elementor-widget-heading\" data-id=\"3f9a45e\" data-element_type=\"widget\" data-widget_type=\"heading.default\">\n\t\t\t\t<div class=\"elementor-widget-container\">\n\t\t\t\t\t<h3 class=\"elementor-heading-title elementor-size-default\">Bolet\u00edn de Educaci\u00f3n Financiera<\/h3>\t\t\t\t<\/div>\n\t\t\t\t<\/div>\n\t\t\t\t\t<\/div>\n\t\t<\/div>\n\t\t\t\t<div class=\"elementor-column elementor-col-25 elementor-inner-column elementor-element elementor-element-6ca1d78\" data-id=\"6ca1d78\" data-element_type=\"column\">\n\t\t\t<div class=\"elementor-widget-wrap elementor-element-populated\">\n\t\t\t\t\t\t<div class=\"elementor-element elementor-element-862b612 elementor-widget elementor-widget-image\" data-id=\"862b612\" data-element_type=\"widget\" data-widget_type=\"image.default\">\n\t\t\t\t<div class=\"elementor-widget-container\">\n\t\t\t\t\t\t\t\t\t\t\t\t\t\t\t\t<a href=\"https:\/\/www.cnbs.gob.hn\/sef\/wp-content\/uploads\/2023\/05\/Boletin_CNBS-1.pdf\">\n\t\t\t\t\t\t\t<img loading=\"lazy\" decoding=\"async\" width=\"800\" height=\"1011\" src=\"https:\/\/cnbs.gob.hn\/test\/wp-content\/uploads\/2023\/04\/Boletin_CNBS.jpg\" class=\"attachment-large size-large wp-image-706\" alt=\"\" \/>\t\t\t\t\t\t\t\t<\/a>\n\t\t\t\t\t\t\t\t\t\t\t\t\t\t\t<\/div>\n\t\t\t\t<\/div>\n\t\t\t\t\t<\/div>\n\t\t<\/div>\n\t\t\t\t<div class=\"elementor-column elementor-col-25 elementor-inner-column elementor-element elementor-element-d48a75d\" data-id=\"d48a75d\" data-element_type=\"column\">\n\t\t\t<div class=\"elementor-widget-wrap\">\n\t\t\t\t\t\t\t<\/div>\n\t\t<\/div>\n\t\t\t\t\t<\/div>\n\t\t<\/section>\n\t\t\t\t\t<\/div>\n\t\t<\/div>\n\t\t\t\t\t<\/div>\n\t\t<\/section>\n\t\t\t\t<\/div>\n\t\t","protected":false},"excerpt":{"rendered":"<p>Contenido Educativo y Otras Actividades Eventos potenciales Semana de Educaci\u00f3n Financiera: Stands Educativos. Ambientes Tecnol\u00f3gicos. Concurso de Micro- Contenido de Educaci\u00f3n Financiera. Juegos Simuladores Zonas del<span class=\"excerpt-hellip\"> [\u2026]<\/span><\/p>\n","protected":false},"author":1,"featured_media":0,"parent":0,"menu_order":0,"comment_status":"closed","ping_status":"closed","template":"","meta":{"footnotes":""},"class_list":["post-691","page","type-page","status-publish","hentry"],"_links":{"self":[{"href":"https:\/\/cnbs.gob.hn\/test\/wp-json\/wp\/v2\/pages\/691","targetHints":{"allow":["GET"]}}],"collection":[{"href":"https:\/\/cnbs.gob.hn\/test\/wp-json\/wp\/v2\/pages"}],"about":[{"href":"https:\/\/cnbs.gob.hn\/test\/wp-json\/wp\/v2\/types\/page"}],"author":[{"embeddable":true,"href":"https:\/\/cnbs.gob.hn\/test\/wp-json\/wp\/v2\/users\/1"}],"replies":[{"embeddable":true,"href":"https:\/\/cnbs.gob.hn\/test\/wp-json\/wp\/v2\/comments?post=691"}],"version-history":[{"count":16,"href":"https:\/\/cnbs.gob.hn\/test\/wp-json\/wp\/v2\/pages\/691\/revisions"}],"predecessor-version":[{"id":745,"href":"https:\/\/cnbs.gob.hn\/test\/wp-json\/wp\/v2\/pages\/691\/revisions\/745"}],"wp:attachment":[{"href":"https:\/\/cnbs.gob.hn\/test\/wp-json\/wp\/v2\/media?parent=691"}],"curies":[{"name":"wp","href":"https:\/\/api.w.org\/{rel}","templated":true}]}}