{"id":604,"date":"2023-03-29T08:57:06","date_gmt":"2023-03-29T14:57:06","guid":{"rendered":"https:\/\/cnbs.gob.hn\/test\/?page_id=604"},"modified":"2023-04-28T14:36:52","modified_gmt":"2023-04-28T20:36:52","slug":"concurso-de-micro-contenido-de-educacion-financiera","status":"publish","type":"page","link":"https:\/\/cnbs.gob.hn\/test\/concurso-de-micro-contenido-de-educacion-financiera\/","title":{"rendered":"Concurso de Micro-contenido de Educaci\u00f3n Financiera"},"content":{"rendered":"\t\t<div data-elementor-type=\"wp-page\" data-elementor-id=\"604\" class=\"elementor elementor-604\" data-elementor-post-type=\"page\">\n\t\t\t\t\t\t<section class=\"elementor-section elementor-top-section elementor-element elementor-element-1723a4d elementor-section-boxed elementor-section-height-default elementor-section-height-default\" data-id=\"1723a4d\" data-element_type=\"section\">\n\t\t\t\t\t\t<div class=\"elementor-container elementor-column-gap-default\">\n\t\t\t\t\t<div class=\"elementor-column elementor-col-100 elementor-top-column elementor-element elementor-element-ddaae90\" data-id=\"ddaae90\" data-element_type=\"column\">\n\t\t\t<div class=\"elementor-widget-wrap elementor-element-populated\">\n\t\t\t\t\t\t<div class=\"elementor-element elementor-element-00915c5 elementor-widget elementor-widget-spacer\" data-id=\"00915c5\" data-element_type=\"widget\" data-widget_type=\"spacer.default\">\n\t\t\t\t<div class=\"elementor-widget-container\">\n\t\t\t\t\t\t\t<div class=\"elementor-spacer\">\n\t\t\t<div class=\"elementor-spacer-inner\"><\/div>\n\t\t<\/div>\n\t\t\t\t\t\t<\/div>\n\t\t\t\t<\/div>\n\t\t\t\t\t<\/div>\n\t\t<\/div>\n\t\t\t\t\t<\/div>\n\t\t<\/section>\n\t\t\t\t<section class=\"elementor-section elementor-top-section elementor-element elementor-element-ca6e143 elementor-section-boxed elementor-section-height-default elementor-section-height-default\" data-id=\"ca6e143\" data-element_type=\"section\">\n\t\t\t\t\t\t<div class=\"elementor-container elementor-column-gap-default\">\n\t\t\t\t\t<div class=\"elementor-column elementor-col-100 elementor-top-column elementor-element elementor-element-e7eb09c\" data-id=\"e7eb09c\" data-element_type=\"column\">\n\t\t\t<div class=\"elementor-widget-wrap\">\n\t\t\t\t\t\t\t<\/div>\n\t\t<\/div>\n\t\t\t\t\t<\/div>\n\t\t<\/section>\n\t\t\t\t<section class=\"elementor-section elementor-top-section elementor-element elementor-element-292e8cc elementor-section-boxed elementor-section-height-default elementor-section-height-default\" data-id=\"292e8cc\" data-element_type=\"section\">\n\t\t\t\t\t\t<div class=\"elementor-container elementor-column-gap-default\">\n\t\t\t\t\t<div class=\"elementor-column elementor-col-100 elementor-top-column elementor-element elementor-element-a123e19\" data-id=\"a123e19\" data-element_type=\"column\">\n\t\t\t<div class=\"elementor-widget-wrap elementor-element-populated\">\n\t\t\t\t\t\t<div class=\"elementor-element elementor-element-a2d2a52 elementor-widget elementor-widget-heading\" data-id=\"a2d2a52\" data-element_type=\"widget\" data-widget_type=\"heading.default\">\n\t\t\t\t<div class=\"elementor-widget-container\">\n\t\t\t\t\t<h2 class=\"elementor-heading-title elementor-size-default\">Concurso de Micro-contenido de Educaci\u00f3n Financiera<\/h2>\t\t\t\t<\/div>\n\t\t\t\t<\/div>\n\t\t\t\t<div class=\"elementor-element elementor-element-d955205 elementor-widget elementor-widget-spacer\" data-id=\"d955205\" data-element_type=\"widget\" data-widget_type=\"spacer.default\">\n\t\t\t\t<div class=\"elementor-widget-container\">\n\t\t\t\t\t\t\t<div class=\"elementor-spacer\">\n\t\t\t<div class=\"elementor-spacer-inner\"><\/div>\n\t\t<\/div>\n\t\t\t\t\t\t<\/div>\n\t\t\t\t<\/div>\n\t\t\t\t<section class=\"elementor-section elementor-inner-section elementor-element elementor-element-86bb5a0 elementor-section-boxed elementor-section-height-default elementor-section-height-default\" data-id=\"86bb5a0\" data-element_type=\"section\">\n\t\t\t\t\t\t<div class=\"elementor-container elementor-column-gap-default\">\n\t\t\t\t\t<div class=\"elementor-column elementor-col-50 elementor-inner-column elementor-element elementor-element-73e26fa\" data-id=\"73e26fa\" data-element_type=\"column\">\n\t\t\t<div class=\"elementor-widget-wrap elementor-element-populated\">\n\t\t\t\t\t\t<div class=\"elementor-element elementor-element-cd7084d elementor-widget elementor-widget-heading\" data-id=\"cd7084d\" data-element_type=\"widget\" data-widget_type=\"heading.default\">\n\t\t\t\t<div class=\"elementor-widget-container\">\n\t\t\t\t\t<h3 class=\"elementor-heading-title elementor-size-default\">INTRODUCCI\u00d3N\n<\/h3>\t\t\t\t<\/div>\n\t\t\t\t<\/div>\n\t\t\t\t<div class=\"elementor-element elementor-element-855f052 elementor-widget elementor-widget-text-editor\" data-id=\"855f052\" data-element_type=\"widget\" data-widget_type=\"text-editor.default\">\n\t\t\t\t<div class=\"elementor-widget-container\">\n\t\t\t\t\t\t\t\t\t<p>La educaci\u00f3n financiera es una herramienta clave para la protecci\u00f3n de los usuarios financieros, ya que permite cambiar conductas e incide en la toma de decisiones financieras.<\/p><p>En este sentido, la Comisi\u00f3n Nacional de Bancos y Seguros (CNBS) realiza campa\u00f1as de educaci\u00f3n financiera con estos objetivos, siendo una de las actividades m\u00e1s emblem\u00e1ticas la Semana de Educaci\u00f3n Financiera (SEF), misma que tiene como objetivo dar promoci\u00f3n a la educaci\u00f3n financiera mediante diferentes tipos de recursos, como ser: digitales, l\u00fadicos, entre otros.<\/p><p>Ante los retos que implica un Programa de Educaci\u00f3n Financiera para la poblaci\u00f3n hondure\u00f1a, la CNBS, consciente de la necesidad de expansi\u00f3n de dicho programa, y en su din\u00e1mica de contribuir a tan importante labor, ha considerado la utilizaci\u00f3n de medios interactivos digitales y llevar a cabo el primer Concurso de Microcontenido de Educaci\u00f3n Financiera, el cual tiene un enfoque de inclusi\u00f3n y educaci\u00f3n financiera.<\/p><p>En atenci\u00f3n a lo anterior, el objetivo de este primer concurso es motivar a los p\u00fablicos para que aprovechen los beneficios de contar con productos financieros, manejados de forma adecuada para una salud financiera equilibrada.<\/p>\t\t\t\t\t\t\t\t<\/div>\n\t\t\t\t<\/div>\n\t\t\t\t<div class=\"elementor-element elementor-element-5566b2f elementor-align-center elementor-widget elementor-widget-button\" data-id=\"5566b2f\" data-element_type=\"widget\" data-widget_type=\"button.default\">\n\t\t\t\t<div class=\"elementor-widget-container\">\n\t\t\t\t\t\t\t\t\t<div class=\"elementor-button-wrapper\">\n\t\t\t\t\t<a class=\"elementor-button elementor-button-link elementor-size-lg\" href=\"https:\/\/forms.office.com\/r\/mVLiqFzDzJ\">\n\t\t\t\t\t\t<span class=\"elementor-button-content-wrapper\">\n\t\t\t\t\t\t\t\t\t<span class=\"elementor-button-text\">INSCRIBETE AQU\u00cd<\/span>\n\t\t\t\t\t<\/span>\n\t\t\t\t\t<\/a>\n\t\t\t\t<\/div>\n\t\t\t\t\t\t\t\t<\/div>\n\t\t\t\t<\/div>\n\t\t\t\t\t<\/div>\n\t\t<\/div>\n\t\t\t\t<div class=\"elementor-column elementor-col-50 elementor-inner-column elementor-element elementor-element-aa04e61\" data-id=\"aa04e61\" data-element_type=\"column\">\n\t\t\t<div class=\"elementor-widget-wrap elementor-element-populated\">\n\t\t\t\t\t\t<div class=\"elementor-element elementor-element-408c29a elementor-widget elementor-widget-image\" data-id=\"408c29a\" data-element_type=\"widget\" data-widget_type=\"image.default\">\n\t\t\t\t<div class=\"elementor-widget-container\">\n\t\t\t\t\t\t\t\t\t\t\t\t\t\t\t<img fetchpriority=\"high\" decoding=\"async\" width=\"768\" height=\"1365\" src=\"https:\/\/cnbs.gob.hn\/test\/wp-content\/uploads\/2023\/03\/tostoncita-1.png\" class=\"attachment-large size-large wp-image-535\" alt=\"\" \/>\t\t\t\t\t\t\t\t\t\t\t\t\t\t\t<\/div>\n\t\t\t\t<\/div>\n\t\t\t\t\t<\/div>\n\t\t<\/div>\n\t\t\t\t\t<\/div>\n\t\t<\/section>\n\t\t\t\t<div class=\"elementor-element elementor-element-6f4e4e8 elementor-widget elementor-widget-heading\" data-id=\"6f4e4e8\" data-element_type=\"widget\" data-widget_type=\"heading.default\">\n\t\t\t\t<div class=\"elementor-widget-container\">\n\t\t\t\t\t<h3 class=\"elementor-heading-title elementor-size-default\">ASPECTOS GENERALES DEL CONCURSO<\/h3>\t\t\t\t<\/div>\n\t\t\t\t<\/div>\n\t\t\t\t<section class=\"elementor-section elementor-inner-section elementor-element elementor-element-4bfaef6 elementor-section-boxed elementor-section-height-default elementor-section-height-default\" data-id=\"4bfaef6\" data-element_type=\"section\">\n\t\t\t\t\t\t<div class=\"elementor-container elementor-column-gap-default\">\n\t\t\t\t\t<div class=\"elementor-column elementor-col-50 elementor-inner-column elementor-element elementor-element-9932929\" data-id=\"9932929\" data-element_type=\"column\">\n\t\t\t<div class=\"elementor-widget-wrap elementor-element-populated\">\n\t\t\t\t\t\t<div class=\"elementor-element elementor-element-a88645f elementor-widget elementor-widget-image\" data-id=\"a88645f\" data-element_type=\"widget\" data-widget_type=\"image.default\">\n\t\t\t\t<div class=\"elementor-widget-container\">\n\t\t\t\t\t\t\t\t\t\t\t\t\t\t\t<img decoding=\"async\" width=\"564\" height=\"1080\" src=\"https:\/\/cnbs.gob.hn\/test\/wp-content\/uploads\/2023\/03\/Tostoncito-1.png\" class=\"attachment-large size-large wp-image-537\" alt=\"\" \/>\t\t\t\t\t\t\t\t\t\t\t\t\t\t\t<\/div>\n\t\t\t\t<\/div>\n\t\t\t\t\t<\/div>\n\t\t<\/div>\n\t\t\t\t<div class=\"elementor-column elementor-col-50 elementor-inner-column elementor-element elementor-element-d3d4a77\" data-id=\"d3d4a77\" data-element_type=\"column\">\n\t\t\t<div class=\"elementor-widget-wrap elementor-element-populated\">\n\t\t\t\t\t\t<div class=\"elementor-element elementor-element-8c13849 elementor-widget elementor-widget-text-editor\" data-id=\"8c13849\" data-element_type=\"widget\" data-widget_type=\"text-editor.default\">\n\t\t\t\t<div class=\"elementor-widget-container\">\n\t\t\t\t\t\t\t\t\t<p><strong>I. Podr\u00e1n participar los videos de microcontenido para las siguientes <\/strong><strong>plataformas:<\/strong><\/p><p>\u2713 Tik Tok<br \/>\u2713 Instagram<br \/>\u2713 Youtube<br \/>\u2713 Facebook<br \/>\u2713 Twitter<br \/>\u2713 Otras plataformas<\/p>\t\t\t\t\t\t\t\t<\/div>\n\t\t\t\t<\/div>\n\t\t\t\t<div class=\"elementor-element elementor-element-937e525 elementor-widget elementor-widget-text-editor\" data-id=\"937e525\" data-element_type=\"widget\" data-widget_type=\"text-editor.default\">\n\t\t\t\t<div class=\"elementor-widget-container\">\n\t\t\t\t\t\t\t\t\t<p><strong>II. Temas:<\/strong><\/p><p>\u2713 Inclusi\u00f3n financiera<br \/>\u2713 Salud financiera<br \/>\u2713 Buen uso del cr\u00e9dito<br \/>\u2713 Importancia del ahorro<br \/>\u2713 Importancia de cuidar el historial crediticio que se muestra en la Central de<br \/>Informaci\u00f3n Crediticia<br \/>\u2713 Presupuesto<br \/>\u2713 Plan de Ahorro<br \/>\u2713 Seguridad en el uso de las plataformas digitales de pago<br \/>\u2713 Importancia del uso de los seguros<br \/>\u2713 Otros que exalten el buen uso de los productos financieros o que estimulen<br \/>la inclusi\u00f3n financiera<\/p>\t\t\t\t\t\t\t\t<\/div>\n\t\t\t\t<\/div>\n\t\t\t\t\t<\/div>\n\t\t<\/div>\n\t\t\t\t\t<\/div>\n\t\t<\/section>\n\t\t\t\t<section class=\"elementor-section elementor-inner-section elementor-element elementor-element-f8bb6e3 elementor-section-boxed elementor-section-height-default elementor-section-height-default\" data-id=\"f8bb6e3\" data-element_type=\"section\">\n\t\t\t\t\t\t<div class=\"elementor-container elementor-column-gap-default\">\n\t\t\t\t\t<div class=\"elementor-column elementor-col-100 elementor-inner-column elementor-element elementor-element-b44b8e2\" data-id=\"b44b8e2\" data-element_type=\"column\">\n\t\t\t<div class=\"elementor-widget-wrap elementor-element-populated\">\n\t\t\t\t\t\t<div class=\"elementor-element elementor-element-8bc2c12 elementor-widget elementor-widget-text-editor\" data-id=\"8bc2c12\" data-element_type=\"widget\" data-widget_type=\"text-editor.default\">\n\t\t\t\t<div class=\"elementor-widget-container\">\n\t\t\t\t\t\t\t\t\t<p><strong>III. Condiciones y Requisitos:<\/strong><\/p><ol><li>Concurso abierto, por lo que podr\u00e1n participar todas aquellas personas<br \/>naturales y jur\u00eddicas que lo deseen.<\/li><li>La edad m\u00ednima de participaci\u00f3n es de 15 a\u00f1os; en el caso de los menores<br \/>de edad deber\u00e1n llenar un formato con la autorizaci\u00f3n de sus padres o tutores.<\/li><li>Los videos de microcontenido deber\u00e1n realizarse en idioma espa\u00f1ol.<\/li><li>El mismo concursante podr\u00e1 presentar m\u00e1ximo 3 videos de microcontenido.<\/li><li>Los realizadores de los videos de microcontenido est\u00e1n obligados a ceder los derechos de uso a la CNBS.<\/li><li>f. El video de microcontenido no debe durar menos de 30 segundos ni m\u00e1s de 60 segundos (1 minuto).<\/li><li>Para presentar cada video de microcontenido deber\u00e1n enviar un correo a la direcci\u00f3n <a href=\"mailto:educacionfinanciera@cnbs.gob.hn\">educacionfinanciera@cnbs.gob.hn<\/a> donde se brindar\u00e1 acceso a una plataforma para que carguen el video.<\/li><\/ol>\t\t\t\t\t\t\t\t<\/div>\n\t\t\t\t<\/div>\n\t\t\t\t\t<\/div>\n\t\t<\/div>\n\t\t\t\t\t<\/div>\n\t\t<\/section>\n\t\t\t\t<section class=\"elementor-section elementor-inner-section elementor-element elementor-element-1bb081d elementor-section-boxed elementor-section-height-default elementor-section-height-default\" data-id=\"1bb081d\" data-element_type=\"section\">\n\t\t\t\t\t\t<div class=\"elementor-container elementor-column-gap-default\">\n\t\t\t\t\t<div class=\"elementor-column elementor-col-100 elementor-inner-column elementor-element elementor-element-56db339\" data-id=\"56db339\" data-element_type=\"column\">\n\t\t\t<div class=\"elementor-widget-wrap elementor-element-populated\">\n\t\t\t\t\t\t<div class=\"elementor-element elementor-element-5bf4053 elementor-widget elementor-widget-text-editor\" data-id=\"5bf4053\" data-element_type=\"widget\" data-widget_type=\"text-editor.default\">\n\t\t\t\t<div class=\"elementor-widget-container\">\n\t\t\t\t\t\t\t\t\t<p><strong>IV. Condiciones Generales para la Inscripci\u00f3n de los participantes<\/strong><\/p><p>Para su inscripci\u00f3n, los participantes deben completar lo siguiente:<\/p><ol><li>Llenar el Formulario de Inscripci\u00f3n que se encuentra en el micrositio de la SEF 2023 https:\/\/www.cnbs.gob.hn\/sef\/, y el documento de cesi\u00f3n de derechos.<\/li><li>Cargar en la plataforma el video de microcontenido.<\/li><li>Los videos de microcontenido deber\u00e1n ser presentados de acuerdo con el tiempo establecido y adem\u00e1s con sus respectivos cr\u00e9ditos al final del video, en los cr\u00e9ditos deber\u00e1n mencionar a la Comisi\u00f3n Nacional de Bancos y Seguros, la Semana de Educaci\u00f3n Financiera, Concurso de Microcontenido, nombre del autor, participantes y dem\u00e1s cr\u00e9ditos asociados a la realizaci\u00f3n del video.<\/li><li>La participaci\u00f3n es gratuita.<\/li><li>La CNBS se reserva el derecho a no incorporar en el concurso videos que no respeten los requisitos se\u00f1alados en las presentes bases.<\/li><li>La CNBS adem\u00e1s se exime de cualquier responsabilidad asociada a la producci\u00f3n del video (im\u00e1genes, m\u00fasica, personas, locaci\u00f3n, entre otros).\u00a0<\/li><\/ol>\t\t\t\t\t\t\t\t<\/div>\n\t\t\t\t<\/div>\n\t\t\t\t\t<\/div>\n\t\t<\/div>\n\t\t\t\t\t<\/div>\n\t\t<\/section>\n\t\t\t\t<section class=\"elementor-section elementor-inner-section elementor-element elementor-element-1efed74 elementor-section-boxed elementor-section-height-default elementor-section-height-default\" data-id=\"1efed74\" data-element_type=\"section\">\n\t\t\t\t\t\t<div class=\"elementor-container elementor-column-gap-default\">\n\t\t\t\t\t<div class=\"elementor-column elementor-col-100 elementor-inner-column elementor-element elementor-element-17af88b\" data-id=\"17af88b\" data-element_type=\"column\">\n\t\t\t<div class=\"elementor-widget-wrap elementor-element-populated\">\n\t\t\t\t\t\t<div class=\"elementor-element elementor-element-c1e960c elementor-widget elementor-widget-text-editor\" data-id=\"c1e960c\" data-element_type=\"widget\" data-widget_type=\"text-editor.default\">\n\t\t\t\t<div class=\"elementor-widget-container\">\n\t\t\t\t\t\t\t\t\t<p><strong>V. Fecha de Inscripci\u00f3n:<\/strong><\/p><p>Todo participante debe de inscribirse mediante el formulario de inscripci\u00f3n entre el 20 de marzo al 17 de abril del 2023.<\/p><p><strong>VI. Fecha de recepci\u00f3n de los videos de microcontenido<\/strong><\/p><p>La fecha para recibir los videos de los participantes inscritos ser\u00e1 del 18 de abril al 18 de mayo del 2023, los cuales deber\u00e1n enviar un correo a educacionfinanciera@cnbs.gob.hn, para brindarle el acceso a una plataforma para cargar su video y dem\u00e1s informaci\u00f3n.<\/p><p><strong>VII. Revisi\u00f3n y selecci\u00f3n de los videos de microcontenido ganadores<\/strong><\/p><p>Se realizar\u00e1 una revisi\u00f3n y selecci\u00f3n de los ganadores del 20 al 24 de mayo de 2023, con el objetivo de verificar el cumplimiento de las Bases del Concurso.<\/p><p><strong>VIII. Convocatoria del Jurado Calificador<\/strong><\/p><p>Se realizar\u00e1 la convocatoria al Jurado Calificador mediante correo electr\u00f3nico, solicitando su apoyo para evaluar los videos, asimismo se enviar\u00e1n indicaciones de las fechas que se realizar\u00e1n las mismas.<br \/>El Jurado Calificador tendr\u00e1 potestad de decidir si los videos necesitan ser editados nuevamente, de ser el caso, se le informar\u00e1 de inmediato al participante para que en un t\u00e9rmino m\u00e1ximo de tres (3) d\u00edas, contados a partir de la notificaci\u00f3n, pueda nuevamente entregar el video, y de esta forma, se convocar\u00e1 al Jurado Calificador quienes decidir\u00e1n cuales son los videos ganadores.<\/p><p>\u00a0<\/p>\t\t\t\t\t\t\t\t<\/div>\n\t\t\t\t<\/div>\n\t\t\t\t\t<\/div>\n\t\t<\/div>\n\t\t\t\t\t<\/div>\n\t\t<\/section>\n\t\t\t\t<section class=\"elementor-section elementor-inner-section elementor-element elementor-element-474b4f4 elementor-section-boxed elementor-section-height-default elementor-section-height-default\" data-id=\"474b4f4\" data-element_type=\"section\">\n\t\t\t\t\t\t<div class=\"elementor-container elementor-column-gap-default\">\n\t\t\t\t\t<div class=\"elementor-column elementor-col-100 elementor-inner-column elementor-element elementor-element-45c9cdf\" data-id=\"45c9cdf\" data-element_type=\"column\">\n\t\t\t<div class=\"elementor-widget-wrap elementor-element-populated\">\n\t\t\t\t\t\t<div class=\"elementor-element elementor-element-13f6401 elementor-widget elementor-widget-text-editor\" data-id=\"13f6401\" data-element_type=\"widget\" data-widget_type=\"text-editor.default\">\n\t\t\t\t<div class=\"elementor-widget-container\">\n\t\t\t\t\t\t\t\t\t<p><strong>IX. Integraci\u00f3n del Jurado Calificador<\/strong><\/p><p>El Jurado ser\u00e1 designado por la Gerencia de Protecci\u00f3n al Usuario Financiero, los nombres y sus hojas de vida se dar\u00e1n a conocer en la p\u00e1gina web de la CNBS, en el micrositio de la SEF (se colocar\u00e1 un afiche permanente en la p\u00e1gina principal y lo direccionar\u00e1 a la hoja de vida del jurado, entre otros).<\/p><p><strong>X. Premios<\/strong><\/p><p>Los videos ganadores ser\u00e1n premiados en el orden del primero, segundo, y tercer lugar.<br \/>Se entregar\u00e1n los premios el d\u00eda 1 junio del 2023 en las instalaciones donde se estar\u00e1 llevando a cabo la SEF, en la Hacienda El Trapiche, Tegucigalpa, Francisco Moraz\u00e1n.\u00a0 \u00a0<\/p><p><strong>XI. Disposiciones del uso del video de microcontenido<\/strong><\/p><p>Los videos de los participantes en el concurso no se devolver\u00e1n y los mismos pasar\u00e1n a formar parte de la videoteca de archivos digitales de la CNBS, donde se administrar\u00e1n esos recursos para su exhibici\u00f3n o publicaci\u00f3n.<br \/>El autor del video no podr\u00e1 realizar ning\u00fan reclamo o exigir compensaci\u00f3n alguna por el uso de este por parte de la CNBS, en ese sentido deber\u00e1 ceder los derechos de uso del video mediante la firma de un documento de cesi\u00f3n de los derechos que firmar\u00e1 al momento de presentar su video.<br \/>Los videos ser\u00e1n exhibidos en las redes sociales, portal web de la CNBS y de los patrocinadores del concurso, para que puedan ser conocidos y validados por la comunidad de las personas interesadas en las mismas.<br \/>La CNBS adem\u00e1s se exime de cualquier responsabilidad asociada a la producci\u00f3n del video (im\u00e1genes, m\u00fasica, personas, locaci\u00f3n, entre otros).<br \/>El Gobierno de la Rep\u00fablica de Honduras y la CNBS podr\u00e1n publicar los videos recibidos por cualquier medio de comunicaci\u00f3n tradicional o alternativo que estime pertinente. En ning\u00fan caso, dicha difusi\u00f3n se har\u00e1 con fines comerciales, sino exclusivamente con fines de educaci\u00f3n financiera.<br \/>El Gobierno de la Rep\u00fablica de Honduras y la CNBS se reservan el derecho de mantener en sus p\u00e1ginas, redes sociales y\/o plataformas digitales exhibidos los videos el tiempo que consideren oportuno.\u00a0<\/p>\t\t\t\t\t\t\t\t<\/div>\n\t\t\t\t<\/div>\n\t\t\t\t\t<\/div>\n\t\t<\/div>\n\t\t\t\t\t<\/div>\n\t\t<\/section>\n\t\t\t\t\t<\/div>\n\t\t<\/div>\n\t\t\t\t\t<\/div>\n\t\t<\/section>\n\t\t\t\t<section class=\"elementor-section elementor-top-section elementor-element elementor-element-943cba4 elementor-section-boxed elementor-section-height-default elementor-section-height-default\" data-id=\"943cba4\" data-element_type=\"section\">\n\t\t\t\t\t\t<div class=\"elementor-container elementor-column-gap-default\">\n\t\t\t\t\t<div class=\"elementor-column elementor-col-100 elementor-top-column elementor-element elementor-element-d929ef8\" data-id=\"d929ef8\" data-element_type=\"column\">\n\t\t\t<div class=\"elementor-widget-wrap elementor-element-populated\">\n\t\t\t\t\t\t<div class=\"elementor-element elementor-element-183ae0a elementor-widget elementor-widget-heading\" data-id=\"183ae0a\" data-element_type=\"widget\" data-widget_type=\"heading.default\">\n\t\t\t\t<div class=\"elementor-widget-container\">\n\t\t\t\t\t<h3 class=\"elementor-heading-title elementor-size-default\">CONDICIONES PARA CONSIDERAR EN LA INSCRIPCI\u00d3N DE LOS VIDEOS DE MICROCONTENIDO<\/h3>\t\t\t\t<\/div>\n\t\t\t\t<\/div>\n\t\t\t\t<section class=\"elementor-section elementor-inner-section elementor-element elementor-element-e7b977d elementor-section-boxed elementor-section-height-default elementor-section-height-default\" data-id=\"e7b977d\" data-element_type=\"section\">\n\t\t\t\t\t\t<div class=\"elementor-container elementor-column-gap-default\">\n\t\t\t\t\t<div class=\"elementor-column elementor-col-100 elementor-inner-column elementor-element elementor-element-7169dc8\" data-id=\"7169dc8\" data-element_type=\"column\">\n\t\t\t<div class=\"elementor-widget-wrap elementor-element-populated\">\n\t\t\t\t\t\t<div class=\"elementor-element elementor-element-b6c56dd elementor-widget elementor-widget-text-editor\" data-id=\"b6c56dd\" data-element_type=\"widget\" data-widget_type=\"text-editor.default\">\n\t\t\t\t<div class=\"elementor-widget-container\">\n\t\t\t\t\t\t\t\t\t<ul><li>Todos los videos inscritos deben incluir material original.<\/li><li>No se aceptar\u00e1n videos con im\u00e1genes que sean violentas, denigrantes o insultantes o que por cualquier motivo inherente o no a la narraci\u00f3n, puedan ser de mal gusto y atenten a la moral y las buenas costumbres. Los organizadores se reservan el derecho de rechazar los videos inscritos que no cumplan con lo antes se\u00f1alado.<\/li><li>Cada video podr\u00e1 ser emitido a juicio de los organizadores por tiempo indefinido.<\/li><li>La inscripci\u00f3n y presentaci\u00f3n al concurso supone la aceptaci\u00f3n de condiciones.<\/li><li>El documento de cesi\u00f3n de derechos debe estar firmado por el leg\u00edtimo propietario de los derechos del video. Los videos que sean enviados sin cr\u00e9ditos ser\u00e1n rechazados.<\/li><li>Los autores de los videos no podr\u00e1n realizar ning\u00fan reclamo o exigir cualquier tipo de compensaci\u00f3n por el uso de estos.<\/li><li>No podr\u00e1n participar empleados de la CNBS y patrocinadores, ni parientes de los mismos en primer y segundo grado de consanguinidad y primero de afinidad.<br \/>Para m\u00e1s informaci\u00f3n sobre esta actividad, puedes visitar el siguiente enlace <a href=\"https:\/\/www.cnbs.gob.hn\/sef\/\">https:\/\/www.cnbs.gob.hn\/sef\/<\/a><\/li><\/ul>\t\t\t\t\t\t\t\t<\/div>\n\t\t\t\t<\/div>\n\t\t\t\t\t<\/div>\n\t\t<\/div>\n\t\t\t\t\t<\/div>\n\t\t<\/section>\n\t\t\t\t\t<\/div>\n\t\t<\/div>\n\t\t\t\t\t<\/div>\n\t\t<\/section>\n\t\t\t\t<section class=\"elementor-section elementor-top-section elementor-element elementor-element-5d78637 elementor-section-boxed elementor-section-height-default elementor-section-height-default\" data-id=\"5d78637\" data-element_type=\"section\">\n\t\t\t\t\t\t<div class=\"elementor-container elementor-column-gap-default\">\n\t\t\t\t\t<div class=\"elementor-column elementor-col-100 elementor-top-column elementor-element elementor-element-341b27b\" data-id=\"341b27b\" data-element_type=\"column\">\n\t\t\t<div class=\"elementor-widget-wrap elementor-element-populated\">\n\t\t\t\t\t\t<div class=\"elementor-element elementor-element-5d5ada6 elementor-align-center elementor-widget elementor-widget-button\" data-id=\"5d5ada6\" data-element_type=\"widget\" data-widget_type=\"button.default\">\n\t\t\t\t<div class=\"elementor-widget-container\">\n\t\t\t\t\t\t\t\t\t<div class=\"elementor-button-wrapper\">\n\t\t\t\t\t<a class=\"elementor-button elementor-button-link elementor-size-lg\" href=\"https:\/\/forms.office.com\/r\/mVLiqFzDzJ\">\n\t\t\t\t\t\t<span class=\"elementor-button-content-wrapper\">\n\t\t\t\t\t\t\t\t\t<span class=\"elementor-button-text\">INSCRIBETE AQU\u00cd<\/span>\n\t\t\t\t\t<\/span>\n\t\t\t\t\t<\/a>\n\t\t\t\t<\/div>\n\t\t\t\t\t\t\t\t<\/div>\n\t\t\t\t<\/div>\n\t\t\t\t\t<\/div>\n\t\t<\/div>\n\t\t\t\t\t<\/div>\n\t\t<\/section>\n\t\t\t\t<\/div>\n\t\t","protected":false},"excerpt":{"rendered":"<p>Concurso de Micro-contenido de Educaci\u00f3n Financiera INTRODUCCI\u00d3N La educaci\u00f3n financiera es una herramienta clave para la protecci\u00f3n de los usuarios financieros, ya que permite cambiar conductas<span class=\"excerpt-hellip\"> [\u2026]<\/span><\/p>\n","protected":false},"author":1,"featured_media":0,"parent":0,"menu_order":0,"comment_status":"closed","ping_status":"closed","template":"","meta":{"footnotes":""},"class_list":["post-604","page","type-page","status-publish","hentry"],"_links":{"self":[{"href":"https:\/\/cnbs.gob.hn\/test\/wp-json\/wp\/v2\/pages\/604","targetHints":{"allow":["GET"]}}],"collection":[{"href":"https:\/\/cnbs.gob.hn\/test\/wp-json\/wp\/v2\/pages"}],"about":[{"href":"https:\/\/cnbs.gob.hn\/test\/wp-json\/wp\/v2\/types\/page"}],"author":[{"embeddable":true,"href":"https:\/\/cnbs.gob.hn\/test\/wp-json\/wp\/v2\/users\/1"}],"replies":[{"embeddable":true,"href":"https:\/\/cnbs.gob.hn\/test\/wp-json\/wp\/v2\/comments?post=604"}],"version-history":[{"count":13,"href":"https:\/\/cnbs.gob.hn\/test\/wp-json\/wp\/v2\/pages\/604\/revisions"}],"predecessor-version":[{"id":734,"href":"https:\/\/cnbs.gob.hn\/test\/wp-json\/wp\/v2\/pages\/604\/revisions\/734"}],"wp:attachment":[{"href":"https:\/\/cnbs.gob.hn\/test\/wp-json\/wp\/v2\/media?parent=604"}],"curies":[{"name":"wp","href":"https:\/\/api.w.org\/{rel}","templated":true}]}}