{"id":419,"date":"2023-02-17T11:16:53","date_gmt":"2023-02-17T17:16:53","guid":{"rendered":"https:\/\/cnbs.gob.hn\/test\/?page_id=419"},"modified":"2024-06-26T15:19:48","modified_gmt":"2024-06-26T21:19:48","slug":"informacion-general","status":"publish","type":"page","link":"https:\/\/cnbs.gob.hn\/test\/informacion-general\/","title":{"rendered":"Informaci\u00f3n General"},"content":{"rendered":"\t\t<div data-elementor-type=\"wp-page\" data-elementor-id=\"419\" class=\"elementor elementor-419\" data-elementor-post-type=\"page\">\n\t\t\t\t\t\t<section class=\"elementor-section elementor-top-section elementor-element elementor-element-64d8c68 elementor-section-stretched elementor-section-boxed elementor-section-height-default elementor-section-height-default\" data-id=\"64d8c68\" data-element_type=\"section\" data-settings=\"{&quot;stretch_section&quot;:&quot;section-stretched&quot;,&quot;background_background&quot;:&quot;classic&quot;}\">\n\t\t\t\t\t\t<div class=\"elementor-container elementor-column-gap-wider\">\n\t\t\t\t\t<div class=\"elementor-column elementor-col-100 elementor-top-column elementor-element elementor-element-5db880d\" data-id=\"5db880d\" data-element_type=\"column\">\n\t\t\t<div class=\"elementor-widget-wrap elementor-element-populated\">\n\t\t\t\t\t\t<section class=\"elementor-section elementor-inner-section elementor-element elementor-element-c32a0df elementor-section-boxed elementor-section-height-default elementor-section-height-default\" data-id=\"c32a0df\" data-element_type=\"section\">\n\t\t\t\t\t\t<div class=\"elementor-container elementor-column-gap-default\">\n\t\t\t\t\t<div class=\"elementor-column elementor-col-50 elementor-inner-column elementor-element elementor-element-0168893\" data-id=\"0168893\" data-element_type=\"column\">\n\t\t\t<div class=\"elementor-widget-wrap elementor-element-populated\">\n\t\t\t\t\t\t<div class=\"elementor-element elementor-element-da80d23 elementor-widget elementor-widget-heading\" data-id=\"da80d23\" data-element_type=\"widget\" data-widget_type=\"heading.default\">\n\t\t\t\t<div class=\"elementor-widget-container\">\n\t\t\t\t\t<h1 class=\"elementor-heading-title elementor-size-default\">Infomaci\u00f3n General <\/h1>\t\t\t\t<\/div>\n\t\t\t\t<\/div>\n\t\t\t\t\t<\/div>\n\t\t<\/div>\n\t\t\t\t<div class=\"elementor-column elementor-col-50 elementor-inner-column elementor-element elementor-element-5a4d630\" data-id=\"5a4d630\" data-element_type=\"column\">\n\t\t\t<div class=\"elementor-widget-wrap elementor-element-populated\">\n\t\t\t\t\t\t<div class=\"elementor-element elementor-element-4f2aaf9 elementor-widget elementor-widget-image\" data-id=\"4f2aaf9\" data-element_type=\"widget\" data-widget_type=\"image.default\">\n\t\t\t\t<div class=\"elementor-widget-container\">\n\t\t\t\t\t\t\t\t\t\t\t\t\t\t\t<img decoding=\"async\" src=\"https:\/\/cnbs.gob.hn\/test\/wp-content\/uploads\/2022\/06\/marketing2-about-pic1-4.webp\" class=\"attachment-large size-large wp-image-44\" alt=\"\" \/>\t\t\t\t\t\t\t\t\t\t\t\t\t\t\t<\/div>\n\t\t\t\t<\/div>\n\t\t\t\t\t<\/div>\n\t\t<\/div>\n\t\t\t\t\t<\/div>\n\t\t<\/section>\n\t\t\t\t\t<\/div>\n\t\t<\/div>\n\t\t\t\t\t<\/div>\n\t\t<\/section>\n\t\t\t\t<section class=\"elementor-section elementor-top-section elementor-element elementor-element-04fdcd4 elementor-section-stretched elementor-section-boxed elementor-section-height-default elementor-section-height-default\" data-id=\"04fdcd4\" data-element_type=\"section\" id=\"informacion\" data-settings=\"{&quot;stretch_section&quot;:&quot;section-stretched&quot;,&quot;background_background&quot;:&quot;classic&quot;}\">\n\t\t\t\t\t\t<div class=\"elementor-container elementor-column-gap-wider\">\n\t\t\t\t\t<div class=\"elementor-column elementor-col-100 elementor-top-column elementor-element elementor-element-6130531\" data-id=\"6130531\" data-element_type=\"column\">\n\t\t\t<div class=\"elementor-widget-wrap elementor-element-populated\">\n\t\t\t\t\t\t<section class=\"elementor-section elementor-inner-section elementor-element elementor-element-fcb5173 elementor-section-boxed elementor-section-height-default elementor-section-height-default\" data-id=\"fcb5173\" data-element_type=\"section\">\n\t\t\t\t\t\t<div class=\"elementor-container elementor-column-gap-default\">\n\t\t\t\t\t<div class=\"elementor-column elementor-col-50 elementor-inner-column elementor-element elementor-element-3839994\" data-id=\"3839994\" data-element_type=\"column\">\n\t\t\t<div class=\"elementor-widget-wrap elementor-element-populated\">\n\t\t\t\t\t\t<div class=\"elementor-element elementor-element-7738fb6 elementor-widget elementor-widget-text-editor\" data-id=\"7738fb6\" data-element_type=\"widget\" data-widget_type=\"text-editor.default\">\n\t\t\t\t<div class=\"elementor-widget-container\">\n\t\t\t\t\t\t\t\t\t<p style=\"text-align: justify;\"><img fetchpriority=\"high\" decoding=\"async\" class=\"wp-image-535 alignright\" src=\"https:\/\/www.cnbs.gob.hn\/sef\/wp-content\/uploads\/2023\/03\/tostoncita-1-169x300.png\" alt=\"\" width=\"237\" height=\"420\"><\/p>\n<h3><strong>\u00bfQu\u00e9 es la Semana de Educaci\u00f3n Financiera?<\/strong><\/h3>\n<p style=\"text-align: justify;\">La Semana de Educaci\u00f3n Financiera (SEF), es un evento educativo medi\u00e1tico de impacto nacional y social con enfoque de g\u00e9nero utilizando recursos digitales y tecnol\u00f3gicos, logrando ser una actividad sostenible en el tiempo que fomente en la poblaci\u00f3n hondure\u00f1a y usuarios financieros el inter\u00e9s de adquirir habilidades y conocimientos que les permita manejar mejor sus finanzas personales seg\u00fan la etapa de su vida.<\/p>\n<p style=\"text-align: justify;\">La SEF pretende brindar a los p\u00fablicos, informaci\u00f3n sobre el manejo del dinero, el ahorro, el cr\u00e9dito, historial crediticio, el presupuesto, inclusi\u00f3n financiera, tarjetas de cr\u00e9dito, seguros, los derechos de los usuarios financieros y el Sistema de Atenci\u00f3n de Reclamos, entre otros.<\/p>\n<p style=\"text-align: justify;\">Como resultado, se espera que el Sistema Financiero Supervisado cuente con usuarios financieros debidamente informados, capaces de administrar de mejor forma su dinero, lo cual al final se traduce en cartera de clientes m\u00e1s amplias y sanas, con bajos \u00edndices de mora y bajos costos de recuperaci\u00f3n de cr\u00e9ditos.<\/p>\n<h3 style=\"text-align: justify;\"><strong><img decoding=\"async\" class=\"wp-image-537 alignleft\" src=\"https:\/\/cnbs.gob.hn\/test\/wp-content\/uploads\/2023\/03\/Tostoncito-1.png\" alt=\"\" width=\"253\" height=\"449\">\u00bfQui\u00e9n lidera la Semana de Educaci\u00f3n Financiera?<\/strong><\/h3>\n<p style=\"text-align: justify;\">La Semana de Educaci\u00f3n Financiera es liderada por la Comisi\u00f3n Nacional de Bancos y Seguros (CNBS), para lo cual conform\u00f3 un Comit\u00e9 Organizador que est\u00e1 integrado por los Comisionados de la CNBS, la Gerencia de Educaci\u00f3n e Inclusi\u00f3n Financiera y de G\u00e9nero con la colaboraci\u00f3n de otras dependencias de la CNBS.<\/p>\n<h3 style=\"text-align: justify;\"><strong>\u00bfQui\u00e9nes participan en la Semana de Educaci\u00f3n Financiera?<\/strong><\/h3>\n<p style=\"text-align: justify;\"><strong>Instituciones participantes<\/strong>: La Comisi\u00f3n Nacional de Bancos y Seguros, Instituciones Supervisadas y aliados estrat\u00e9gicos.<\/p><p style=\"text-align: justify;\">\n<strong>P\u00fablico objetivo<\/strong>: J\u00f3venes universitarios, adultos, mujeres, migrantes retornados, y poblaci\u00f3n en general.<\/p>\t\t\t\t\t\t\t\t<\/div>\n\t\t\t\t<\/div>\n\t\t\t\t\t<\/div>\n\t\t<\/div>\n\t\t\t\t<div class=\"elementor-column elementor-col-50 elementor-inner-column elementor-element elementor-element-6ce9f24\" data-id=\"6ce9f24\" data-element_type=\"column\">\n\t\t\t<div class=\"elementor-widget-wrap\">\n\t\t\t\t\t\t\t<\/div>\n\t\t<\/div>\n\t\t\t\t\t<\/div>\n\t\t<\/section>\n\t\t\t\t\t<\/div>\n\t\t<\/div>\n\t\t\t\t\t<\/div>\n\t\t<\/section>\n\t\t\t\t<\/div>\n\t\t","protected":false},"excerpt":{"rendered":"<p>Infomaci\u00f3n General \u00bfQu\u00e9 es la Semana de Educaci\u00f3n Financiera? La Semana de Educaci\u00f3n Financiera (SEF), es un evento educativo medi\u00e1tico de impacto nacional y social con<span class=\"excerpt-hellip\"> [\u2026]<\/span><\/p>\n","protected":false},"author":1,"featured_media":0,"parent":0,"menu_order":0,"comment_status":"closed","ping_status":"closed","template":"","meta":{"footnotes":""},"class_list":["post-419","page","type-page","status-publish","hentry"],"_links":{"self":[{"href":"https:\/\/cnbs.gob.hn\/test\/wp-json\/wp\/v2\/pages\/419","targetHints":{"allow":["GET"]}}],"collection":[{"href":"https:\/\/cnbs.gob.hn\/test\/wp-json\/wp\/v2\/pages"}],"about":[{"href":"https:\/\/cnbs.gob.hn\/test\/wp-json\/wp\/v2\/types\/page"}],"author":[{"embeddable":true,"href":"https:\/\/cnbs.gob.hn\/test\/wp-json\/wp\/v2\/users\/1"}],"replies":[{"embeddable":true,"href":"https:\/\/cnbs.gob.hn\/test\/wp-json\/wp\/v2\/comments?post=419"}],"version-history":[{"count":28,"href":"https:\/\/cnbs.gob.hn\/test\/wp-json\/wp\/v2\/pages\/419\/revisions"}],"predecessor-version":[{"id":960,"href":"https:\/\/cnbs.gob.hn\/test\/wp-json\/wp\/v2\/pages\/419\/revisions\/960"}],"wp:attachment":[{"href":"https:\/\/cnbs.gob.hn\/test\/wp-json\/wp\/v2\/media?parent=419"}],"curies":[{"name":"wp","href":"https:\/\/api.w.org\/{rel}","templated":true}]}}