{"id":10,"date":"2022-05-31T14:48:12","date_gmt":"2022-05-31T14:48:12","guid":{"rendered":"https:\/\/themes.muffingroup.com\/be\/marketing2_el\/?page_id=10"},"modified":"2024-06-25T11:29:38","modified_gmt":"2024-06-25T17:29:38","slug":"sobre-sef","status":"publish","type":"page","link":"https:\/\/cnbs.gob.hn\/test\/sobre-sef\/","title":{"rendered":"Sobre la SEF"},"content":{"rendered":"\t\t<div data-elementor-type=\"wp-page\" data-elementor-id=\"10\" class=\"elementor elementor-10\" data-elementor-post-type=\"page\">\n\t\t\t\t\t\t<section class=\"elementor-section elementor-top-section elementor-element elementor-element-873a5a5 elementor-section-stretched elementor-section-boxed elementor-section-height-default elementor-section-height-default\" data-id=\"873a5a5\" data-element_type=\"section\" data-settings=\"{&quot;stretch_section&quot;:&quot;section-stretched&quot;,&quot;background_background&quot;:&quot;classic&quot;}\">\n\t\t\t\t\t\t<div class=\"elementor-container elementor-column-gap-wider\">\n\t\t\t\t\t<div class=\"elementor-column elementor-col-100 elementor-top-column elementor-element elementor-element-edcb4d8\" data-id=\"edcb4d8\" data-element_type=\"column\">\n\t\t\t<div class=\"elementor-widget-wrap elementor-element-populated\">\n\t\t\t\t\t\t<section class=\"elementor-section elementor-inner-section elementor-element elementor-element-6465003 elementor-section-boxed elementor-section-height-default elementor-section-height-default\" data-id=\"6465003\" data-element_type=\"section\">\n\t\t\t\t\t\t<div class=\"elementor-container elementor-column-gap-default\">\n\t\t\t\t\t<div class=\"elementor-column elementor-col-50 elementor-inner-column elementor-element elementor-element-dfe0805\" data-id=\"dfe0805\" data-element_type=\"column\">\n\t\t\t<div class=\"elementor-widget-wrap elementor-element-populated\">\n\t\t\t\t\t\t<div class=\"elementor-element elementor-element-37c7154 elementor-widget elementor-widget-spacer\" data-id=\"37c7154\" data-element_type=\"widget\" data-widget_type=\"spacer.default\">\n\t\t\t\t<div class=\"elementor-widget-container\">\n\t\t\t\t\t\t\t<div class=\"elementor-spacer\">\n\t\t\t<div class=\"elementor-spacer-inner\"><\/div>\n\t\t<\/div>\n\t\t\t\t\t\t<\/div>\n\t\t\t\t<\/div>\n\t\t\t\t<div class=\"elementor-element elementor-element-f1cf4f4 elementor-widget elementor-widget-heading\" data-id=\"f1cf4f4\" data-element_type=\"widget\" data-widget_type=\"heading.default\">\n\t\t\t\t<div class=\"elementor-widget-container\">\n\t\t\t\t\t<h1 class=\"elementor-heading-title elementor-size-default\">Sobre la  <span style=\"color:#57C1D8\">Semana de Educaci\u00f3n Financiera<\/span><\/h1>\t\t\t\t<\/div>\n\t\t\t\t<\/div>\n\t\t\t\t\t<\/div>\n\t\t<\/div>\n\t\t\t\t<div class=\"elementor-column elementor-col-50 elementor-inner-column elementor-element elementor-element-752d9d9\" data-id=\"752d9d9\" data-element_type=\"column\">\n\t\t\t<div class=\"elementor-widget-wrap elementor-element-populated\">\n\t\t\t\t\t\t<div class=\"elementor-element elementor-element-b884137 elementor-widget elementor-widget-image\" data-id=\"b884137\" data-element_type=\"widget\" data-widget_type=\"image.default\">\n\t\t\t\t<div class=\"elementor-widget-container\">\n\t\t\t\t\t\t\t\t\t\t\t\t\t\t\t<img decoding=\"async\" src=\"https:\/\/cnbs.gob.hn\/test\/wp-content\/uploads\/2022\/06\/marketing2-about-pic1-4.webp\" class=\"attachment-large size-large wp-image-44\" alt=\"\" \/>\t\t\t\t\t\t\t\t\t\t\t\t\t\t\t<\/div>\n\t\t\t\t<\/div>\n\t\t\t\t\t<\/div>\n\t\t<\/div>\n\t\t\t\t\t<\/div>\n\t\t<\/section>\n\t\t\t\t\t<\/div>\n\t\t<\/div>\n\t\t\t\t\t<\/div>\n\t\t<\/section>\n\t\t\t\t<section class=\"elementor-section elementor-top-section elementor-element elementor-element-c0b338e elementor-section-stretched elementor-section-boxed elementor-section-height-default elementor-section-height-default\" data-id=\"c0b338e\" data-element_type=\"section\" id=\"acerca\" data-settings=\"{&quot;stretch_section&quot;:&quot;section-stretched&quot;,&quot;background_background&quot;:&quot;classic&quot;}\">\n\t\t\t\t\t\t<div class=\"elementor-container elementor-column-gap-wider\">\n\t\t\t\t\t<div class=\"elementor-column elementor-col-100 elementor-top-column elementor-element elementor-element-e8c7b0e\" data-id=\"e8c7b0e\" data-element_type=\"column\">\n\t\t\t<div class=\"elementor-widget-wrap elementor-element-populated\">\n\t\t\t\t\t\t<section class=\"elementor-section elementor-inner-section elementor-element elementor-element-7961cb1 elementor-section-boxed elementor-section-height-default elementor-section-height-default\" data-id=\"7961cb1\" data-element_type=\"section\">\n\t\t\t\t\t\t<div class=\"elementor-container elementor-column-gap-default\">\n\t\t\t\t\t<div class=\"elementor-column elementor-col-50 elementor-inner-column elementor-element elementor-element-1614df0\" data-id=\"1614df0\" data-element_type=\"column\">\n\t\t\t<div class=\"elementor-widget-wrap elementor-element-populated\">\n\t\t\t\t\t\t<div class=\"elementor-element elementor-element-42d3e3d elementor-widget elementor-widget-text-editor\" data-id=\"42d3e3d\" data-element_type=\"widget\" data-widget_type=\"text-editor.default\">\n\t\t\t\t<div class=\"elementor-widget-container\">\n\t\t\t\t\t\t\t\t\t<h3><strong>La SEF<\/strong><\/h3><p>La Comisi\u00f3n Nacional de Bancos y Seguros (CNBS), ha programado llevar a cabo la sexta edici\u00f3n de la \u201cSemana de Educaci\u00f3n Financiera\u201d (SEF), una actividad estrictamente educativa en la que instituciones p\u00fablicas y privadas del Sistema Financiero, confluyen en un evento h\u00edbrido, el cual se desarrollar\u00e1 del <span style=\"color: #ff0000;\"><i><u><b>31 de julio, 1 y 2 de agosto de 2024<\/b><\/u><\/i><\/span>.<\/p><p>El objetivo de la Semana de Educaci\u00f3n Financiera es desarrollar un evento educativo medi\u00e1tico de impacto nacional y social con enfoque de g\u00e9nero utilizando recursos digitales y tecnol\u00f3gicos, logrando ser una actividad sostenible en el tiempo que fomente en la poblaci\u00f3n hondure\u00f1a y usuarios financieros el inter\u00e9s de adquirir habilidades y conocimientos que les permita mejorar sus finanzas personales seg\u00fan la etapa de su vida.<\/p><p>Durante el desarrollo de la SEF, se pretende brindar a la poblaci\u00f3n, informaci\u00f3n sobre el manejo del dinero, el ahorro, el cr\u00e9dito, historial crediticio, el presupuesto, tarjetas de cr\u00e9dito, seguros, los derechos de los usuarios financieros y el sistema de atenci\u00f3n de reclamos, entre otros.<\/p><p style=\"text-align: justify;\">Como resultado de la SEF se espera que el sistema financiero supervisado cuente con usuarios financieros debidamente informados, capaces de administrar de manera eficiente su dinero, lo cual al final se traduce en cartera de clientes m\u00e1s amplias y sanas, con bajos \u00edndices de mora y bajos costos de recuperaci\u00f3n de cr\u00e9ditos<\/p><h3 style=\"text-align: justify;\"><strong>Organizaci\u00f3n <\/strong><\/h3><p style=\"text-align: justify;\">La Semana de Educaci\u00f3n Financiera es liderada por los comisionados y por la Gerencia de Educaci\u00f3n e Inclusi\u00f3n Financiera y de G\u00e9nero, con la colaboraci\u00f3n de otras dependencias de la CNBS. Para lo cual conform\u00f3 un Comit\u00e9 Organizador que est\u00e1 integrado por los Comisionados de la CNBS, Superintendentes, Gerentes y Directores de la CNBS y sus representantes.<\/p><h3 style=\"text-align: justify;\"><strong>Participantes<\/strong><\/h3><p><strong>Instituciones participantes:<\/strong> La Comisi\u00f3n Nacional de Bancos y Seguros, Instituciones Supervisadas y aliados estrat\u00e9gicos.<\/p><p><strong>P\u00fablico objetivo:<\/strong> J\u00f3venes universitarios, adultos, mujeres, migrantes retornados, y poblaci\u00f3n en general.<\/p>\t\t\t\t\t\t\t\t<\/div>\n\t\t\t\t<\/div>\n\t\t\t\t\t<\/div>\n\t\t<\/div>\n\t\t\t\t<div class=\"elementor-column elementor-col-50 elementor-inner-column elementor-element elementor-element-eeba9e2\" data-id=\"eeba9e2\" data-element_type=\"column\">\n\t\t\t<div class=\"elementor-widget-wrap\">\n\t\t\t\t\t\t\t<\/div>\n\t\t<\/div>\n\t\t\t\t\t<\/div>\n\t\t<\/section>\n\t\t\t\t\t<\/div>\n\t\t<\/div>\n\t\t\t\t\t<\/div>\n\t\t<\/section>\n\t\t\t\t<section class=\"elementor-section elementor-top-section elementor-element elementor-element-fe89aec elementor-section-boxed elementor-section-height-default elementor-section-height-default\" data-id=\"fe89aec\" data-element_type=\"section\" id=\"personajes\">\n\t\t\t\t\t\t<div class=\"elementor-container elementor-column-gap-default\">\n\t\t\t\t\t<div class=\"elementor-column elementor-col-100 elementor-top-column elementor-element elementor-element-eb2dba3\" data-id=\"eb2dba3\" data-element_type=\"column\">\n\t\t\t<div class=\"elementor-widget-wrap elementor-element-populated\">\n\t\t\t\t\t\t<div class=\"elementor-element elementor-element-d64d7ce elementor-widget elementor-widget-text-editor\" data-id=\"d64d7ce\" data-element_type=\"widget\" data-widget_type=\"text-editor.default\">\n\t\t\t\t<div class=\"elementor-widget-container\">\n\t\t\t\t\t\t\t\t\t<h3 style=\"text-align: justify;\"><strong><img fetchpriority=\"high\" decoding=\"async\" class=\"alignleft\" src=\"https:\/\/cnbs.gob.hn\/test\/wp-content\/uploads\/2023\/03\/Tostoncito-1.png\" alt=\"\" width=\"202\" height=\"387\" \/><\/strong><\/h3><p><img decoding=\"async\" class=\"alignright\" style=\"text-align: justify;\" src=\"https:\/\/www.cnbs.gob.hn\/sef\/wp-content\/uploads\/2023\/03\/tostoncita-1.png\" alt=\"\" width=\"180\" height=\"383\" \/><\/p><h3><strong>Personajes de la SEF<\/strong><\/h3><p><strong>Tostoncito<\/strong>, tiene por estrategia emprender y ense\u00f1ar al p\u00fablico objetivo. \u201cTostoncito\u201d, se identifica con la moneda de cincuenta centavos de la Rep\u00fablica de Honduras, y que forma parte de la cultura organizacional de la CNBS; por ello se consider\u00f3 a Tostoncito, como la imagen que identificar\u00e1 a la SEF, dada la labor que desarrollamos de mantener un sistema financiero fuerte y s\u00f3lido.<\/p><p><strong>\u201cTOSTONCITA\u201d <\/strong>fue creada como el personaje identificado para la equidad de g\u00e9nero en temas de educaci\u00f3n e inclusi\u00f3n en financiera dentro de la SEF. Tiene como objetivo exaltar el rol de la mujer y de las ni\u00f1as en la sociedad, captando la atenci\u00f3n de los ni\u00f1os y de las ni\u00f1as con mensajes positivos tanto de ahorro familiar como otros consejos educativos.<\/p>\t\t\t\t\t\t\t\t<\/div>\n\t\t\t\t<\/div>\n\t\t\t\t\t<\/div>\n\t\t<\/div>\n\t\t\t\t\t<\/div>\n\t\t<\/section>\n\t\t\t\t<\/div>\n\t\t","protected":false},"excerpt":{"rendered":"<p>Sobre la Semana de Educaci\u00f3n Financiera La SEF La Comisi\u00f3n Nacional de Bancos y Seguros (CNBS), ha programado llevar a cabo la sexta edici\u00f3n de la<span class=\"excerpt-hellip\"> [\u2026]<\/span><\/p>\n","protected":false},"author":1,"featured_media":0,"parent":0,"menu_order":0,"comment_status":"closed","ping_status":"closed","template":"","meta":{"footnotes":""},"class_list":["post-10","page","type-page","status-publish","hentry"],"_links":{"self":[{"href":"https:\/\/cnbs.gob.hn\/test\/wp-json\/wp\/v2\/pages\/10","targetHints":{"allow":["GET"]}}],"collection":[{"href":"https:\/\/cnbs.gob.hn\/test\/wp-json\/wp\/v2\/pages"}],"about":[{"href":"https:\/\/cnbs.gob.hn\/test\/wp-json\/wp\/v2\/types\/page"}],"author":[{"embeddable":true,"href":"https:\/\/cnbs.gob.hn\/test\/wp-json\/wp\/v2\/users\/1"}],"replies":[{"embeddable":true,"href":"https:\/\/cnbs.gob.hn\/test\/wp-json\/wp\/v2\/comments?post=10"}],"version-history":[{"count":58,"href":"https:\/\/cnbs.gob.hn\/test\/wp-json\/wp\/v2\/pages\/10\/revisions"}],"predecessor-version":[{"id":954,"href":"https:\/\/cnbs.gob.hn\/test\/wp-json\/wp\/v2\/pages\/10\/revisions\/954"}],"wp:attachment":[{"href":"https:\/\/cnbs.gob.hn\/test\/wp-json\/wp\/v2\/media?parent=10"}],"curies":[{"name":"wp","href":"https:\/\/api.w.org\/{rel}","templated":true}]}}